{"id":1252,"date":"2022-06-17T14:58:02","date_gmt":"2022-06-17T18:58:02","guid":{"rendered":"http:\/\/flutealors.com\/?page_id=1252"},"modified":"2022-06-26T10:48:22","modified_gmt":"2022-06-26T14:48:22","slug":"offre-de-concert","status":"publish","type":"page","link":"http:\/\/flutealors.com\/en\/offre-de-concert\/","title":{"rendered":"Concerts offered"},"content":{"rendered":"\r\n<h2>CONCERTS GRAND PUBLIC<\/h2>\r\n<section class=\"flex-wrap\">\r\n<article id=\"post-1252\" class=\"single-page\">\r\n<div class=\"content\">\r\n<p>Programmes offered:<\/p>\r\n<p class=\"has-large-font-size\"><strong>Bach\u2019n\u2019Jazz<\/strong><\/p>\r\n<p>Bach\u2019n\u2019Jazz is a concert both serious and casual. Masterpieces by the great Johann Sebastian Bach are skillfully paired with well-known and -loved jazz standards. The ensemble also presents several daring arrangements that are worth discovering.<\/p>\r\n<p>Listen to us:<\/p>\r\n<p class=\"has-medium-font-size\">BACH:<\/p>\r\n<div class=\"wp-block-columns\">\r\n<div class=\"wp-block-column\">\r\n<figure class=\"wp-block-embed is-type-video is-provider-youtube wp-block-embed-youtube wp-embed-aspect-16-9 wp-has-aspect-ratio\">\r\n<div class=\"wp-block-embed__wrapper\"><iframe loading=\"lazy\" title=\"Fl\u00fbte Alors! - J.S. Bach (arr. Alexa Raine-Wright) : Toccate et fugue \/ Toccata and fugue, BWV 565\" src=\"https:\/\/www.youtube.com\/embed\/c6l82uOKwpA?feature=oembed&amp;width=500&amp;height=750&amp;discover=1\" width=\"500\" height=\"281\" frameborder=\"0\" allowfullscreen=\"allowfullscreen\"><\/iframe><\/div>\r\n<\/figure>\r\n<p>Toccate et Fugue, BWV 565 (arr. Alexa Raine-Wright)<\/p>\r\n<\/div>\r\n<div class=\"wp-block-column\">\r\n<figure class=\"wp-block-embed is-type-video is-provider-youtube wp-block-embed-youtube wp-embed-aspect-16-9 wp-has-aspect-ratio\">\r\n<div class=\"wp-block-embed__wrapper\"><iframe loading=\"lazy\" title=\"Brandenburg Concerto No. 6, BWV 1051 - Johann Sebastian Bach\" src=\"https:\/\/www.youtube.com\/embed\/KNpNgPIO1rM?feature=oembed&amp;width=500&amp;height=750&amp;discover=1\" width=\"500\" height=\"281\" frameborder=\"0\" allowfullscreen=\"allowfullscreen\"><\/iframe><\/div>\r\n<\/figure>\r\n<p>Concerto Brandebourgeois no.6, BWV 1051 (arr. Alexa Raine-Wright)<\/p>\r\n<\/div>\r\n<\/div>\r\n<p class=\"has-medium-font-size\">JAZZ:<\/p>\r\n<div class=\"wp-block-columns\">\r\n<div class=\"wp-block-column\">\r\n<figure class=\"wp-block-embed is-type-video is-provider-youtube wp-block-embed-youtube wp-embed-aspect-16-9 wp-has-aspect-ratio\">\r\n<div class=\"wp-block-embed__wrapper\"><iframe loading=\"lazy\" title=\"Fl\u00fbte Alors! - Joseph Kosma (arr. Nicolas G-Godbout) : Les feuilles mortes \/Autumn Leaves\" src=\"https:\/\/www.youtube.com\/embed\/D5xHnmSNspI?feature=oembed&amp;width=500&amp;height=750&amp;discover=1\" width=\"500\" height=\"281\" frameborder=\"0\" allowfullscreen=\"allowfullscreen\"><\/iframe><\/div>\r\n<\/figure>\r\n<p>Les feuilles mortes (Joseph Kosma, arr. Nicolas G. Godbout)<\/p>\r\n<\/div>\r\n<div class=\"wp-block-column\">\r\n<figure class=\"wp-block-embed is-type-video is-provider-youtube wp-block-embed-youtube wp-embed-aspect-16-9 wp-has-aspect-ratio\">\r\n<div class=\"wp-block-embed__wrapper\"><iframe loading=\"lazy\" title=\"Gillespie &amp; Paparelli - Night in Tunisia (M\u00e9c\u00e9nat Musica 14.3 Fl\u00fbte Alors!) Classical Music Video\" src=\"https:\/\/www.youtube.com\/embed\/YeldCQOTFwY?feature=oembed&amp;width=500&amp;height=750&amp;discover=1\" width=\"500\" height=\"281\" frameborder=\"0\" allowfullscreen=\"allowfullscreen\"><\/iframe><\/div>\r\n<\/figure>\r\n<p>Night in Tunisia (Gillespie &amp; Paparelli)<\/p>\r\n<\/div>\r\n<\/div>\r\n<div class=\"wp-block-spacer\" style=\"height: 100px;\" aria-hidden=\"true\">\u00a0<\/div>\r\n<p class=\"has-large-font-size\"><strong>Scherzi Forestieri<\/strong><\/p>\r\n<p>Milan, 1614: Giovanni Antonio Cangiasi, a Franciscan monk, died in the prime of his life at age 24. This concert offers a bouquet of his most beautiful 4-part canzonas taken from his only collection of instrumental pieces, titled \u201cScherzi forestieri\u201d. The concert will be interspersed with sublime madrigals and diminutions, arranged by Fl\u00fbte Alors! to give a new perspective on old music.<\/p>\r\n<p>Listen to us:<\/p>\r\n<div class=\"wp-block-columns\">\r\n<div class=\"wp-block-column\">\r\n<figure class=\"wp-block-embed is-type-video is-provider-youtube wp-block-embed-youtube wp-embed-aspect-16-9 wp-has-aspect-ratio\">\r\n<div class=\"wp-block-embed__wrapper\"><iframe loading=\"lazy\" title=\"Fl\u00fbte Alors! - Antonio Cangiasi : Canzon vigesima, La Furugada\" src=\"https:\/\/www.youtube.com\/embed\/lE1Q9Ac-ZeM?feature=oembed&amp;width=500&amp;height=750&amp;discover=1\" width=\"500\" height=\"281\" frameborder=\"0\" allowfullscreen=\"allowfullscreen\"><\/iframe><\/div>\r\n<figcaption><br \/>\r\nLa furugada (Cangiasi)<\/figcaption>\r\n<\/figure>\r\n<\/div>\r\n<div class=\"wp-block-column\">\r\n<figure class=\"wp-block-embed is-type-video is-provider-youtube wp-block-embed-youtube wp-embed-aspect-16-9 wp-has-aspect-ratio\">\r\n<div class=\"wp-block-embed__wrapper\"><iframe loading=\"lazy\" title=\"Signor mio Caro - Cipriano de Rore\" src=\"https:\/\/www.youtube.com\/embed\/LOm-J44_zYo?feature=oembed&amp;width=500&amp;height=750&amp;discover=1\" width=\"500\" height=\"281\" frameborder=\"0\" allowfullscreen=\"allowfullscreen\"><\/iframe><\/div>\r\n<figcaption><br \/>\r\nSignor mio caro (Cipriano de Rore)<\/figcaption>\r\n<\/figure>\r\n<\/div>\r\n<\/div>\r\n<div class=\"wp-block-spacer\" style=\"height: 100px;\" aria-hidden=\"true\">\u00a0<\/div>\r\n<h2>Recorders on the Run<\/h2>\r\n<p class=\"has-large-font-size\"><strong>Les athl\u00e8tes de la fl\u00fbte \u00e0 bec<\/strong><\/p>\r\n<p>For the music Olympics, these four virtuosos train day and night to develop the nimblest fingers, the strongest embouchures, and the finest ears in the world. Prepare yourself for an exciting, athletic performance with Fl\u00fbte Alors! From the sopranino to the great bass, these musicians use different types of recorders to showcase an array of music including: baroque, contemporary, popular, and world music. They can do it all.<\/p>\r\n<p><strong>Target Audience :<\/strong> 3 to 5 years old \/ 6 to 12 years old <br \/>\r\n<strong>Concert length : <\/strong>35 minutes \/ 55 minutes<br \/>\r\n<strong>Languages : <\/strong>English or French<\/p>\r\n<p><strong> A Jeunesses musicales Canada co-production with Fl\u00fbte Alors! <\/strong><\/p>\r\n<p><strong>See the trailer<\/strong><\/p>\r\n<div class=\"wp-block-columns\">\r\n<div class=\"wp-block-column\">\r\n<figure class=\"wp-block-embed is-type-video is-provider-youtube wp-block-embed-youtube wp-embed-aspect-16-9 wp-has-aspect-ratio\">\r\n<div class=\"wp-block-embed__wrapper\"><iframe loading=\"lazy\" title=\"Les athl\u00e8tes de la fl\u00fbte \u00e0 bec\" src=\"https:\/\/www.youtube.com\/embed\/tIaIBCKpLAI?feature=oembed&amp;width=500&amp;height=750&amp;discover=1\" width=\"500\" height=\"281\" frameborder=\"0\" allowfullscreen=\"allowfullscreen\"><\/iframe><\/div>\r\n<\/figure>\r\n<\/div>\r\n<div class=\"wp-block-column\">\u00a0<\/div>\r\n<\/div>\r\n<p><a href=\"https:\/\/www.jmcanada.ca\/fr\/concerts\/les-athletes-de-la-flute-a-bec-2\/\" target=\"_blank\" rel=\"noreferrer noopener\"><strong>Obtenir plus d\u2019information<\/strong><\/a><\/p>\r\n<p>&nbsp;<\/p>\r\n<div class=\"wp-block-spacer\" style=\"height: 100px;\" aria-hidden=\"true\">\u00a0<\/div>\r\n<p><strong>Contact us<\/strong><br \/>\r\n<a href=\"mailto:flutealors@videotron.ca\">flutealors@videotron.ca<\/a><br \/>\r\nflutealors.com<\/p>\r\n<p>&nbsp;<\/p>\r\n<\/div>\r\n<\/article>\r\n<\/section>","protected":false},"excerpt":{"rendered":"<p>CONCERTS GRAND PUBLIC Programmes offered: Bach\u2019n\u2019Jazz Bach\u2019n\u2019Jazz is a concert both serious and casual. Masterpieces by the great Johann Sebastian Bach are skillfully paired with well-known and -loved jazz standards. The ensemble also presents several daring arrangements that are worth discovering. Listen to us: BACH: Toccate et Fugue, BWV 565 (arr. Alexa Raine-Wright) Concerto Brandebourgeois [&hellip;]<\/p>\n","protected":false},"author":4,"featured_media":0,"parent":0,"menu_order":0,"comment_status":"closed","ping_status":"closed","template":"","meta":[],"_links":{"self":[{"href":"http:\/\/flutealors.com\/en\/wp-json\/wp\/v2\/pages\/1252"}],"collection":[{"href":"http:\/\/flutealors.com\/en\/wp-json\/wp\/v2\/pages"}],"about":[{"href":"http:\/\/flutealors.com\/en\/wp-json\/wp\/v2\/types\/page"}],"author":[{"embeddable":true,"href":"http:\/\/flutealors.com\/en\/wp-json\/wp\/v2\/users\/4"}],"replies":[{"embeddable":true,"href":"http:\/\/flutealors.com\/en\/wp-json\/wp\/v2\/comments?post=1252"}],"version-history":[{"count":39,"href":"http:\/\/flutealors.com\/en\/wp-json\/wp\/v2\/pages\/1252\/revisions"}],"predecessor-version":[{"id":1358,"href":"http:\/\/flutealors.com\/en\/wp-json\/wp\/v2\/pages\/1252\/revisions\/1358"}],"wp:attachment":[{"href":"http:\/\/flutealors.com\/en\/wp-json\/wp\/v2\/media?parent=1252"}],"curies":[{"name":"wp","href":"https:\/\/api.w.org\/{rel}","templated":true}]}}