{"id":115,"date":"2015-06-10T03:06:46","date_gmt":"2015-06-10T07:06:46","guid":{"rendered":"http:\/\/flutealors.wp.loc:8888\/?page_id=115"},"modified":"2020-01-17T14:31:28","modified_gmt":"2020-01-17T19:31:28","slug":"presse","status":"publish","type":"page","link":"https:\/\/flutealors.com\/en\/presse\/","title":{"rendered":"Press"},"content":{"rendered":"<p><\/p>\n<p style=\"text-align: center;\">\u00ab The fever takes over, particularly in a finale where the tightrope-walking of the ensemble Fl\u00fbte Alors! is at its peak.\u00a0\u00bb<\/p>\n<p class=\"p1\" style=\"text-align: center;\"><strong><span style=\"color: #e0ba07;\">Christophe Huss &#8211; Le Devoir<\/span><\/strong><\/p>\n<p class=\"p1\" style=\"text-align: center;\">\u00a0<\/p>\n<p class=\"p1\" style=\"text-align: center;\">\u00ab Surprisingly modern sound! \u00bb<\/p>\n<p class=\"p1\" style=\"text-align: center;\"><strong><span style=\"color: #e0ba07;\">Marie-Christine Blais, M\u00e9dium Large &#8211; Premi\u00e8re cha\u00eene de Radio-Canada<\/span><\/strong><\/p>\n<p class=\"p1\" style=\"text-align: center;\">\u00a0<\/p>\n<p class=\"p1\" style=\"text-align: center;\">\u00ab\u00a0[&#8230;] from a technical point of view: impressive rhythmic precision, and attention to detail in articulation and intonation. It made me understand more about the recorder. \u00bb<\/p>\n<p class=\"p1\" style=\"text-align: center;\"><strong><span style=\"color: #e0ba07;\">Fr\u00e9d\u00e9ric Lambert, M\u00e9dium Large &#8211; Premi\u00e8re cha\u00eene de Radio-Canada<\/span><\/strong><\/p>\n<p class=\"p1\" style=\"text-align: center;\">\u00a0<\/p>\n<p class=\"p1\" style=\"text-align: center;\">\u00ab\u00a0An impressive sound that resembles the organ! Great ensemble virtuosity! \u00bb<\/p>\n<p class=\"p1\" style=\"text-align: center;\"><strong><span style=\"color: #e0ba07;\">Catherine Perrin, M\u00e9dium Large &#8211; Premi\u00e8re cha\u00eene de Radio-Canada<\/span><\/strong><\/p>\n<p class=\"p1\" style=\"text-align: center;\">\u00a0<\/p>\n<p class=\"p1\" style=\"text-align: center;\">\u00ab\u00a0Vincent Lauzer\u00a0[\u2026], Alexa Raine-Wright, Caroline Tremblay and Marie-Laurence Primeau have displayed their talent and virtuosity with confidence. Equipped with well-oiled musical mechanics and the precision of a clockmaker, Flute Alors! stunned the audience with repertoire from two very different eras. \u2026 Flute Alors!, like a good wine! \u00bb<\/p>\n<p class=\"p1\" style=\"text-align: center;\"><span style=\"color: #e0ba07;\"><strong>Michel Pintal &#8211; Le Soleil<\/strong><\/span><\/p>\n<p class=\"p1\" style=\"text-align: center;\">\u00a0<\/p>\n<div style=\"text-align: center;\"><strong><span style=\"font-size: 16px;\">Audience comments about the concert\u00a0Bach&#8217;n&#8217;Jazz:<\/span><\/strong><\/div>\n<div style=\"text-align: center;\">\u00a0<\/div>\n<p style=\"text-align: center;\"><em>\u00ab\u00a0A show of exceptional quality. A jewel!\u00a0\u00bb<\/em><\/p>\n<p style=\"text-align: center;\"><em>\u00ab\u00a0All four were exceptional! Of undeniable quality!\u00a0\u00bb<\/em><\/p>\n<div style=\"text-align: center;\">\n<p><em><span class=\"im\">\u00ab\u00a0Very good concert. Energizing.\u00a0\u00bb<\/span><\/em><\/p>\n<p><em>\u00ab\u00a0We rediscover the recorder &#8211; or rather the recorder<b>s<\/b>!\u00a0\u00bb<span class=\"im\"><\/p>\n<p>\u00a0\u00ab\u00a0The concert is both serious and fun. The adults and children were fascinated.\u00a0Virtuoso performers!! Excellent concert. Nice choice of pieces.\u00a0\u00bb<\/p>\n<p>\u00a0\u00ab\u00a0Great performance. The recorder at its best.\u00a0\u00bb<\/p>\n<p><\/span>\u00ab\u00a0A very fine ensemble of\u00a0Quebecois musicians. We appreciated being able to see and hear them so close to home. Bravo!\u00a0\u00bb<\/em><\/p>\n<\/div>\n<p class=\"p1\" style=\"text-align: center;\">\u00a0<\/p>\n<p style=\"text-align: center;\"><em>\u00a0<\/em>\u00a0<\/p>\n<p class=\"p1\" style=\"text-align: center;\">\u00a0<\/p>\n<p class=\"p1\" style=\"text-align: center;\">\u00a0<\/p>\n<p><\/p>","protected":false},"excerpt":{"rendered":"<p>\u00ab The fever takes over, particularly in a finale where the tightrope-walking of the ensemble Fl\u00fbte Alors! is at its peak.\u00a0\u00bb Christophe Huss &#8211; Le Devoir \u00a0 \u00ab Surprisingly modern sound! \u00bb Marie-Christine Blais, M\u00e9dium Large &#8211; Premi\u00e8re cha\u00eene de Radio-Canada \u00a0 \u00ab\u00a0[&#8230;] from a technical point of view: impressive rhythmic precision, and attention to [&hellip;]<\/p>\n","protected":false},"author":1,"featured_media":987,"parent":0,"menu_order":0,"comment_status":"closed","ping_status":"closed","template":"tpl-portrait_img.php","meta":[],"_links":{"self":[{"href":"https:\/\/flutealors.com\/en\/wp-json\/wp\/v2\/pages\/115"}],"collection":[{"href":"https:\/\/flutealors.com\/en\/wp-json\/wp\/v2\/pages"}],"about":[{"href":"https:\/\/flutealors.com\/en\/wp-json\/wp\/v2\/types\/page"}],"author":[{"embeddable":true,"href":"https:\/\/flutealors.com\/en\/wp-json\/wp\/v2\/users\/1"}],"replies":[{"embeddable":true,"href":"https:\/\/flutealors.com\/en\/wp-json\/wp\/v2\/comments?post=115"}],"version-history":[{"count":11,"href":"https:\/\/flutealors.com\/en\/wp-json\/wp\/v2\/pages\/115\/revisions"}],"predecessor-version":[{"id":988,"href":"https:\/\/flutealors.com\/en\/wp-json\/wp\/v2\/pages\/115\/revisions\/988"}],"wp:featuredmedia":[{"embeddable":true,"href":"https:\/\/flutealors.com\/en\/wp-json\/wp\/v2\/media\/987"}],"wp:attachment":[{"href":"https:\/\/flutealors.com\/en\/wp-json\/wp\/v2\/media?parent=115"}],"curies":[{"name":"wp","href":"https:\/\/api.w.org\/{rel}","templated":true}]}}